{"id":3022,"date":"2025-11-09T11:37:07","date_gmt":"2025-11-09T11:37:07","guid":{"rendered":"https:\/\/innochain.lu\/?page_id=3022"},"modified":"2025-11-09T11:39:48","modified_gmt":"2025-11-09T11:39:48","slug":"legal-notices","status":"publish","type":"page","link":"https:\/\/innochain.lu\/en\/legal-notices\/","title":{"rendered":"Legal notices"},"content":{"rendered":"\t\t<div data-elementor-type=\"wp-page\" data-elementor-id=\"3022\" class=\"elementor elementor-3022\" data-elementor-post-type=\"page\">\n\t\t\t\t<div class=\"elementor-element elementor-element-331fc776 e-flex e-con-boxed e-con e-parent\" data-id=\"331fc776\" data-element_type=\"container\" data-e-type=\"container\">\n\t\t\t\t\t<div class=\"e-con-inner\">\n\t\t\t\t\t<\/div>\n\t\t\t\t<\/div>\n\t\t<div class=\"elementor-element elementor-element-f29f525 e-flex e-con-boxed e-con e-parent\" data-id=\"f29f525\" data-element_type=\"container\" data-e-type=\"container\">\n\t\t\t\t\t<div class=\"e-con-inner\">\n\t\t\t\t<div class=\"elementor-element elementor-element-960d036 elementor-widget elementor-widget-heading\" data-id=\"960d036\" data-element_type=\"widget\" data-e-type=\"widget\" data-widget_type=\"heading.default\">\n\t\t\t\t\t<h2 class=\"elementor-heading-title elementor-size-default\">Mentions l\u00e9gales<\/h2>\t\t\t\t<\/div>\n\t\t\t\t\t<\/div>\n\t\t\t\t<\/div>\n\t\t<div class=\"elementor-element elementor-element-a89ad50 e-flex e-con-boxed e-con e-parent\" data-id=\"a89ad50\" data-element_type=\"container\" data-e-type=\"container\">\n\t\t\t\t\t<div class=\"e-con-inner\">\n\t\t\t\t<div class=\"elementor-element elementor-element-c6f58ce elementor-widget elementor-widget-text-editor\" data-id=\"c6f58ce\" data-element_type=\"widget\" data-e-type=\"widget\" data-widget_type=\"text-editor.default\">\n\t\t\t\t\t\t\t\t\t<h4>UTILISATION DU SITE INNOCHAIN<strong>\u00ae<\/strong><\/h4>\n<p>Ces mentions l\u00e9gales, en application du\u00a0<a href=\"https:\/\/www.legifrance.gouv.fr\/codes\/texte_lc\/LEGITEXT000006069414\/\">code de la propri\u00e9t\u00e9 intellectuelle (CPI)<\/a>, entra\u00eenent de plein droit l\u2019interdiction de toute reproduction partielle ou totale \u00e0 usage collectif du site https:\/\/innochain.lu sans autorisation expresse. L\u2019utilisateur s\u2019interdit de modifier le domaine https:\/\/innochain.lu, de le traduire ou de le transcrire dans tout autre langage, de transf\u00e9rer les donn\u00e9es des domaines de Marketkaps<strong>\u00ae<\/strong>\u00a0\u00e0 tout tiers sans l\u2019autorisation pr\u00e9alable.<\/p>\n<h4><span style=\"font-family: inherit; font-size: 29px; font-style: inherit;\">UTILISATION DES CONTENUS DU SITE INNOCHAIN<\/span><strong style=\"font-family: inherit; font-size: 29px; font-style: inherit;\">\u00ae<\/strong><\/h4>\n<p><span style=\"font-size: 17px;\">D\u00e9finition : le terme \u00ab contenus \u00bb utilis\u00e9 devra \u00eatre entendu de la mani\u00e8re suivante : \u00ab contenus \u00bb signifie tout type d\u2019information, d\u2019\u0153uvre, de texte, de vid\u00e9o, de son, d\u2019animation, de photographie ou d\u2019image contenu dans le site.<\/span><\/p>\n<p>L\u2019ensemble des contenus \u00e9dit\u00e9s sur ce site, est la propri\u00e9t\u00e9 exclusive d&rsquo;\u00a0<a href=\"https:\/\/marketkaps.com\/\">innochain<\/a><strong>\u00ae<\/strong>, ou de tiers auxquels il a \u00e9t\u00e9 accord\u00e9 \u00e0 innochain<strong>\u00ae<\/strong>\u00a0les droits d\u2019exploitation. En cons\u00e9quence, toute repr\u00e9sentation ou reproduction int\u00e9grale ou partielle, faite sans le consentement de l\u2019auteur ou de ses ayants-droits, est illicite (<a href=\"https:\/\/www.legifrance.gouv.fr\/codes\/article_lc\/LEGIARTI000006278911\">art. L 122-4 du CPI<\/a>).<\/p>\n<p>Toutes les utilisations telles que d\u00e9crites ci-dessous dans les pr\u00e9sentes mentions l\u00e9gales devront faire l\u2019objet d\u2019une autorisation pr\u00e9alable \u00e9crite :<\/p>\n<ul>\n<li>\n<p>Extraction, manipulation, modification des contenus de quelque fa\u00e7on que cela soit ;<\/p>\n<\/li>\n<li>\n<p>Stockage de contenus sur quelque support que cela soit, incluant l\u2019extraction de bases de donn\u00e9es, de programmes informatiques ou des sites ;<\/p>\n<\/li>\n<li>\n<p>Diffusion, radiodiffusion, repr\u00e9sentation publique, exploitation commerciale de contenus, de quelque fa\u00e7on que cela soit.<\/p>\n<\/li>\n<\/ul>\n<h4><span style=\"font-family: inherit; font-style: inherit;\"><span style=\"font-size: 29px;\">MARQUES<\/span><\/span><\/h4>\n<p>Un certain nombre de marques, logos ou tout autre signes distinctifs (collectivement d\u00e9nomm\u00e9s marques) sont repr\u00e9sent\u00e9s sur le site. Les marques d&rsquo; <a style=\"color: #000000;\" href=\"https:\/\/marketkaps.com\/\">innochain<\/a><span style=\"font-weight: bold;\">\u00ae<\/span>\u00a0ainsi que celles de parties tierces repr\u00e9sent\u00e9es sur le site sont prot\u00e9g\u00e9es par le droit d\u2019auteur. Rien de ce qui est contenu dans le site ne peut \u00eatre utilis\u00e9, ajout\u00e9 ou exploit\u00e9 dans le cadre de licence ou de droit sur les marques sans un accord \u00e9crit pr\u00e9alable du titulaire.<\/p>\n<p><strong>La marque innochain\u00ae est d\u00e9pos\u00e9e \u00e0 l\u2019EUIPO sous le num\u00e9ro 0<\/strong><strong>1018590698 pour les 27 Etats membres de l\u2019Union Europ\u00e9enne.<\/strong><\/p>\n<h4><span style=\"font-family: inherit; font-style: inherit;\"><span style=\"font-size: 29px;\">RESPONSABILITE<\/span><\/span><\/h4>\n<p>L\u2019utilisateur du site reconna\u00eet disposer des autorisations, de la comp\u00e9tence et des moyens n\u00e9cessaires pour acc\u00e9der et utiliser ces sites. Il reconna\u00eet avoir v\u00e9rifi\u00e9 que la configuration informatique qu\u2019il utilise ne contient aucun virus et qu\u2019elle est en parfait \u00e9tat de fonctionnement, car il est essentiel de garantir une exp\u00e9rience utilisateur s\u00e9curis\u00e9e. De plus, l\u2019utilisateur reconna\u00eet avoir pris connaissance des pr\u00e9sentes mentions l\u00e9gales et de la pr\u00e9sente notice l\u00e9gale et s\u2019engage\u00a0 \u00e0 les respecter.<\/p>\n<p><a style=\"color: #000000;\" href=\"https:\/\/marketkaps.com\/\">innochain<\/a><span style=\"font-weight: bold;\">\u00ae\u00a0<\/span>s\u2019engage \u00e0 mettre en \u0153uvre tous les moyens n\u00e9cessaires afin d\u2019assurer au mieux la fourniture des services qu\u2019il propose \u00e0 l\u2019utilisateur. Toutefois, sa responsabilit\u00e9 ne saurait \u00eatre engag\u00e9e en cas de force majeure ou de fait ind\u00e9pendant de sa volont\u00e9, notamment en cas d\u2019interruption du service r\u00e9sultant d\u2019une d\u00e9faillance de r\u00e9seau informatique ou du fournisseur d\u2019acc\u00e8s \u00e0 Internet de l\u2019utilisateur.<\/p>\n<p>La soci\u00e9t\u00e9 ne peut \u00eatre consid\u00e9r\u00e9e comme responsable, ou garant, explicitement ou tacitement, de l\u2019exactitude des contenus qui peuvent \u00eatre cr\u00e9\u00e9s, car ces contenus sont souvent soumis \u00e0 des mises \u00e0 jour ou des interpr\u00e9tations diverses. Par ailleurs,\u00a0<a style=\"color: #000000;\" href=\"https:\/\/marketkaps.com\/\">innochain<\/a><span style=\"font-weight: bold;\">\u00ae<\/span>\u00a0n\u2019est pas responsable de l\u2019utilisation qui pourra \u00eatre faite par l\u2019utilisateur des informations qu\u2019il pourra trouver sur les sites. Toutefois, nous recommandons une utilisation prudente et une v\u00e9rification crois\u00e9e des donn\u00e9es.<\/p>\n<p>Enfin, nous mettons sur notre site des liens vers des sites d\u2019institutions et\/ou d\u2019associations et\/ou partenaires dont l\u2019ouverture et le contenu ne nous engagent pas. En raison de cette absence de contr\u00f4le,\u00a0<a style=\"color: #000000;\" href=\"https:\/\/marketkaps.com\/\">innochain<\/a><span style=\"font-weight: bold;\">\u00ae<\/span>\u00a0se d\u00e9gage de toute responsabilit\u00e9 li\u00e9e \u00e0 leur utilisation.<\/p>\n<p>Les fils RSS sont exclusivement destin\u00e9s aux visiteurs du site https:\/\/innochain.lu en vue d\u2019une utilisation personnelle et ne sauraient en aucun cas servir \u00e0 alimenter d\u2019autres sites sans l\u2019accord expr\u00e8s et pr\u00e9alable d&rsquo;<a style=\"color: #000000;\" href=\"https:\/\/marketkaps.com\/\">innochain<\/a><span style=\"font-weight: bold;\">\u00ae<\/span>.<\/p>\n<h4><span style=\"font-family: inherit; font-style: inherit;\"><span style=\"font-size: 29px;\">PROTECTION DES DONN\u00c9ES A CARACT\u00c8RE PERSONNEL<\/span><\/span><\/h4>\n<p><span style=\"font-family: inherit; font-style: inherit;\">Les donn\u00e9es \u00e0 caract\u00e8re personnel soumises sur le site innochain sont trait\u00e9es principalement pour les finalit\u00e9s suivantes :<\/span><\/p>\n<ul>\n<li>la gestion de votre abonnement aux publications d&rsquo;<a style=\"color: #000000;\" href=\"https:\/\/marketkaps.com\/\">innochain<\/a>\u00ae\u00a0;<\/li>\n<li>la gestion de votre candidature aux offres d\u2019emploi \u00e9ventuelles d&rsquo;<a style=\"color: #000000;\" href=\"https:\/\/marketkaps.com\/\">innochain<\/a>\u00ae\u00a0;<\/li>\n<li>la gestion de vos demandes d\u2019informations concernant\u00a0<a style=\"color: #000000;\" href=\"https:\/\/marketkaps.com\/\">innochain<\/a>\u00ae\u00a0;<\/li>\n<li>des relations commerciales internes ;<\/li>\n<li>l\u2019analyse statistique.<\/li>\n<\/ul>\n<p>La protection de vos donn\u00e9es constitue une priorit\u00e9 pour nous si bien que nous ne conservons vos donn\u00e9es que pour la dur\u00e9e n\u00e9cessaire aux op\u00e9rations pour lesquelles elles ont \u00e9t\u00e9 collect\u00e9es, et ce, dans le respect de la l\u00e9gislation en vigueur.<\/p>\n<p>Conform\u00e9ment au R\u00e8glement (UE) 2016\/679 du 27 avril 2016 relatif \u00e0 la protection des personnes physiques \u00e0 l\u2019\u00e9gard du traitement des donn\u00e9es \u00e0 caract\u00e8re personnel (RGPD) et \u00e0 la loi luxembourgeoise du 1er ao\u00fbt 2018 portant organisation de la Commission nationale pour la protection des donn\u00e9es et du r\u00e9gime g\u00e9n\u00e9ral sur la protection des donn\u00e9es, vous disposez d\u2019un droit d\u2019acc\u00e8s, de rectification, d\u2019effacement, de limitation et de portabilit\u00e9 de vos donn\u00e9es \u00e0 caract\u00e8re personnel.<br data-start=\"799\" data-end=\"802\" \/>Vous avez \u00e9galement le droit d\u2019opposition au traitement de vos donn\u00e9es, notamment lorsqu\u2019elles sont utilis\u00e9es \u00e0 des fins de prospection commerciale, ce qui vous garantit un contr\u00f4le total sur vos informations personnelles.<\/p>\n<p>Enfin, vous pouvez d\u00e9finir des directives relatives \u00e0 la conservation, \u00e0 l\u2019effacement et \u00e0 la communication de vos donn\u00e9es apr\u00e8s votre d\u00e9c\u00e8s.<\/p>\n<p>\u00a0<\/p>\n<h4><span style=\"font-family: inherit; font-style: inherit;\">RECLAMATIONS<\/span><\/h4>\n<p><span style=\"font-size: 17px;\">Vous pouvez exercer ces droits aupr\u00e8s du Directeur de la publication \u00e0 l\u2019adresse \u00e9lectronique suivante : info [at] innochain.lu ou par courrier postal \u00e0 innochain, 33 rue de Gasperich, L-5826 Hesperange, Grand Duch\u00e9 de Luxembourg, accompagn\u00e9 d\u2019une copie d\u2019un titre d\u2019identit\u00e9 sign\u00e9.<\/span><\/p>\n<p>Enfin, vous avez le droit d\u2019introduire une r\u00e9clamation aupr\u00e8s de la <strong data-start=\"149\" data-end=\"211\">Commission nationale pour la protection des donn\u00e9es (CNPD)<\/strong>, autorit\u00e9 de contr\u00f4le en charge du respect des obligations en mati\u00e8re de protection des donn\u00e9es \u00e0 caract\u00e8re personnel :<br data-start=\"331\" data-end=\"334\" \/><strong data-start=\"336\" data-end=\"398\">Commission nationale pour la protection des donn\u00e9es (CNPD)<\/strong><br data-start=\"398\" data-end=\"401\" \/>15, Boulevard du Jazz<\/p>\n<p>L-4370 Belvaux<br \/>Grand Duch\u00e9 de Luxembourg<\/p>\n<p><b>H\u00e9bergement :<\/b> HOSTINGER, UAB, Jonavos g. 60C, 44192, Kaunas, Lituanie. Le pr\u00e9sent site web est h\u00e9berg\u00e9 en Hollande chez Hostinger.<\/p>\n<p><b>D\u00e9veloppement du site :<\/b> innochain, 33 rue de Gasperich, L-5826 Hesperange, Grand Duch\u00e9 de Luxembourg.<\/p>\n<p>\u00a9 2017-2025,\u00a0<a style=\"color: #000000;\" href=\"https:\/\/marketkaps.com\/\">innochain<\/a><span style=\"font-weight: bold;\">\u00ae<\/span>. Tous droits r\u00e9serv\u00e9s. Toute reproduction de cette \u0153uvre par quelque proc\u00e9d\u00e9 que ce soit est interdite sans autorisation \u00e9crite de l\u2019\u00e9diteur.<\/p>\t\t\t\t\t\t\t\t<\/div>\n\t\t\t\t\t<\/div>\n\t\t\t\t<\/div>\n\t\t\t\t<\/div>\n\t\t","protected":false},"excerpt":{"rendered":"<p>Mentions l\u00e9gales UTILISATION DU SITE INNOCHAIN\u00ae Ces mentions l\u00e9gales, en application du\u00a0code de la propri\u00e9t\u00e9 intellectuelle (CPI), entra\u00eenent de plein droit l\u2019interdiction de toute reproduction partielle ou totale \u00e0 usage collectif du site https:\/\/innochain.lu sans autorisation expresse. L\u2019utilisateur s\u2019interdit de modifier le domaine https:\/\/innochain.lu, de le traduire ou de le transcrire dans tout autre langage, &#8230; <a title=\"Legal notices\" class=\"read-more\" href=\"https:\/\/innochain.lu\/en\/legal-notices\/\" aria-label=\"Read more about Mentions legales\">Read more<\/a><\/p>","protected":false},"author":2,"featured_media":0,"parent":0,"menu_order":0,"comment_status":"closed","ping_status":"open","template":"elementor_header_footer","meta":{"footnotes":""},"class_list":["post-3022","page","type-page","status-publish"],"yoast_head":"<!-- This site is optimized with the Yoast SEO plugin v27.5 - https:\/\/yoast.com\/product\/yoast-seo-wordpress\/ -->\n<title>innochain privacy policy<\/title>\n<meta name=\"description\" content=\"innochain privacy policy for visitors on our website to explain the conditions under which we are managing data in general\" \/>\n<meta name=\"robots\" content=\"index, follow, max-snippet:-1, max-image-preview:large, max-video-preview:-1\" \/>\n<link rel=\"canonical\" href=\"https:\/\/innochain.lu\/en\/legal-notices\/\" \/>\n<meta property=\"og:locale\" content=\"en_GB\" \/>\n<meta property=\"og:type\" content=\"article\" \/>\n<meta property=\"og:title\" content=\"innochain privacy policy\" \/>\n<meta property=\"og:description\" content=\"innochain privacy policy for visitors on our website to explain the conditions under which we are managing data in general\" \/>\n<meta property=\"og:url\" content=\"https:\/\/innochain.lu\/en\/legal-notices\/\" \/>\n<meta property=\"og:site_name\" content=\"innochain\" \/>\n<meta property=\"article:modified_time\" content=\"2025-11-09T11:39:48+00:00\" \/>\n<meta property=\"og:image\" content=\"https:\/\/innochain.lu\/wp-content\/uploads\/2022\/12\/innochain_corporate_photo_Luxembourg_1200pix.jpg\" \/>\n\t<meta property=\"og:image:width\" content=\"1200\" \/>\n\t<meta property=\"og:image:height\" content=\"800\" \/>\n\t<meta property=\"og:image:type\" content=\"image\/jpeg\" \/>\n<meta name=\"twitter:card\" content=\"summary_large_image\" \/>\n<meta name=\"twitter:site\" content=\"@innochain_lu\" \/>\n<meta name=\"twitter:label1\" content=\"Estimated reading time\" \/>\n\t<meta name=\"twitter:data1\" content=\"6 minutes\" \/>\n<script type=\"application\/ld+json\" class=\"yoast-schema-graph\">{\"@context\":\"https:\\\/\\\/schema.org\",\"@graph\":[{\"@type\":\"WebPage\",\"@id\":\"https:\\\/\\\/innochain.lu\\\/mentions-legales\\\/\",\"url\":\"https:\\\/\\\/innochain.lu\\\/mentions-legales\\\/\",\"name\":\"innochain privacy policy\",\"isPartOf\":{\"@id\":\"https:\\\/\\\/innochain.lu\\\/#website\"},\"datePublished\":\"2025-11-09T11:37:07+00:00\",\"dateModified\":\"2025-11-09T11:39:48+00:00\",\"description\":\"innochain privacy policy for visitors on our website to explain the conditions under which we are managing data in general\",\"breadcrumb\":{\"@id\":\"https:\\\/\\\/innochain.lu\\\/mentions-legales\\\/#breadcrumb\"},\"inLanguage\":\"en-GB\",\"potentialAction\":[{\"@type\":\"ReadAction\",\"target\":[\"https:\\\/\\\/innochain.lu\\\/mentions-legales\\\/\"]}]},{\"@type\":\"BreadcrumbList\",\"@id\":\"https:\\\/\\\/innochain.lu\\\/mentions-legales\\\/#breadcrumb\",\"itemListElement\":[{\"@type\":\"ListItem\",\"position\":1,\"name\":\"Accueil\",\"item\":\"https:\\\/\\\/innochain.lu\\\/\"},{\"@type\":\"ListItem\",\"position\":2,\"name\":\"Mentions legales\"}]},{\"@type\":\"WebSite\",\"@id\":\"https:\\\/\\\/innochain.lu\\\/#website\",\"url\":\"https:\\\/\\\/innochain.lu\\\/\",\"name\":\"innochain\",\"description\":\"Innovation funding and advisory\",\"publisher\":{\"@id\":\"https:\\\/\\\/innochain.lu\\\/#organization\"},\"alternateName\":\"innochain: Innovation funding and advisory\",\"potentialAction\":[{\"@type\":\"SearchAction\",\"target\":{\"@type\":\"EntryPoint\",\"urlTemplate\":\"https:\\\/\\\/innochain.lu\\\/?s={search_term_string}\"},\"query-input\":{\"@type\":\"PropertyValueSpecification\",\"valueRequired\":true,\"valueName\":\"search_term_string\"}}],\"inLanguage\":\"en-GB\"},{\"@type\":\"Organization\",\"@id\":\"https:\\\/\\\/innochain.lu\\\/#organization\",\"name\":\"innochain\",\"alternateName\":\"innochain: innovation funding and advisory\",\"url\":\"https:\\\/\\\/innochain.lu\\\/\",\"logo\":{\"@type\":\"ImageObject\",\"inLanguage\":\"en-GB\",\"@id\":\"https:\\\/\\\/innochain.lu\\\/#\\\/schema\\\/logo\\\/image\\\/\",\"url\":\"https:\\\/\\\/innochain.lu\\\/wp-content\\\/uploads\\\/2022\\\/02\\\/cropped-innochain_icon_transparent_512pix.png\",\"contentUrl\":\"https:\\\/\\\/innochain.lu\\\/wp-content\\\/uploads\\\/2022\\\/02\\\/cropped-innochain_icon_transparent_512pix.png\",\"width\":512,\"height\":512,\"caption\":\"innochain\"},\"image\":{\"@id\":\"https:\\\/\\\/innochain.lu\\\/#\\\/schema\\\/logo\\\/image\\\/\"},\"sameAs\":[\"https:\\\/\\\/x.com\\\/innochain_lu\",\"https:\\\/\\\/www.linkedin.com\\\/company\\\/innochain\\\/\"]}]}<\/script>\n<!-- \/ Yoast SEO plugin. -->","yoast_head_json":{"title":"InnoChain Privacy Policy","description":"innochain privacy policy for visitors on our website to explain the conditions under which we are managing data in general","robots":{"index":"index","follow":"follow","max-snippet":"max-snippet:-1","max-image-preview":"max-image-preview:large","max-video-preview":"max-video-preview:-1"},"canonical":"https:\/\/innochain.lu\/en\/legal-notices\/","og_locale":"en_GB","og_type":"article","og_title":"innochain privacy policy","og_description":"innochain privacy policy for visitors on our website to explain the conditions under which we are managing data in general","og_url":"https:\/\/innochain.lu\/en\/legal-notices\/","og_site_name":"innochain","article_modified_time":"2025-11-09T11:39:48+00:00","og_image":[{"width":1200,"height":800,"url":"https:\/\/innochain.lu\/wp-content\/uploads\/2022\/12\/innochain_corporate_photo_Luxembourg_1200pix.jpg","type":"image\/jpeg"}],"twitter_card":"summary_large_image","twitter_site":"@innochain_lu","twitter_misc":{"Estimated reading time":"6 minutes"},"schema":{"@context":"https:\/\/schema.org","@graph":[{"@type":"WebPage","@id":"https:\/\/innochain.lu\/mentions-legales\/","url":"https:\/\/innochain.lu\/mentions-legales\/","name":"InnoChain Privacy Policy","isPartOf":{"@id":"https:\/\/innochain.lu\/#website"},"datePublished":"2025-11-09T11:37:07+00:00","dateModified":"2025-11-09T11:39:48+00:00","description":"innochain privacy policy for visitors on our website to explain the conditions under which we are managing data in general","breadcrumb":{"@id":"https:\/\/innochain.lu\/mentions-legales\/#breadcrumb"},"inLanguage":"en-GB","potentialAction":[{"@type":"ReadAction","target":["https:\/\/innochain.lu\/mentions-legales\/"]}]},{"@type":"BreadcrumbList","@id":"https:\/\/innochain.lu\/mentions-legales\/#breadcrumb","itemListElement":[{"@type":"ListItem","position":1,"name":"Accueil","item":"https:\/\/innochain.lu\/"},{"@type":"ListItem","position":2,"name":"Mentions legales"}]},{"@type":"WebSite","@id":"https:\/\/innochain.lu\/#website","url":"https:\/\/innochain.lu\/","name":"innochain","description":"Innovation funding and advisory","publisher":{"@id":"https:\/\/innochain.lu\/#organization"},"alternateName":"innochain: Innovation funding and advisory","potentialAction":[{"@type":"SearchAction","target":{"@type":"EntryPoint","urlTemplate":"https:\/\/innochain.lu\/?s={search_term_string}"},"query-input":{"@type":"PropertyValueSpecification","valueRequired":true,"valueName":"search_term_string"}}],"inLanguage":"en-GB"},{"@type":"Organization","@id":"https:\/\/innochain.lu\/#organization","name":"innochain","alternateName":"innochain: innovation funding and advisory","url":"https:\/\/innochain.lu\/","logo":{"@type":"ImageObject","inLanguage":"en-GB","@id":"https:\/\/innochain.lu\/#\/schema\/logo\/image\/","url":"https:\/\/innochain.lu\/wp-content\/uploads\/2022\/02\/cropped-innochain_icon_transparent_512pix.png","contentUrl":"https:\/\/innochain.lu\/wp-content\/uploads\/2022\/02\/cropped-innochain_icon_transparent_512pix.png","width":512,"height":512,"caption":"innochain"},"image":{"@id":"https:\/\/innochain.lu\/#\/schema\/logo\/image\/"},"sameAs":["https:\/\/x.com\/innochain_lu","https:\/\/www.linkedin.com\/company\/innochain\/"]}]}},"_links":{"self":[{"href":"https:\/\/innochain.lu\/en\/wp-json\/wp\/v2\/pages\/3022","targetHints":{"allow":["GET"]}}],"collection":[{"href":"https:\/\/innochain.lu\/en\/wp-json\/wp\/v2\/pages"}],"about":[{"href":"https:\/\/innochain.lu\/en\/wp-json\/wp\/v2\/types\/page"}],"author":[{"embeddable":true,"href":"https:\/\/innochain.lu\/en\/wp-json\/wp\/v2\/users\/2"}],"replies":[{"embeddable":true,"href":"https:\/\/innochain.lu\/en\/wp-json\/wp\/v2\/comments?post=3022"}],"version-history":[{"count":2,"href":"https:\/\/innochain.lu\/en\/wp-json\/wp\/v2\/pages\/3022\/revisions"}],"predecessor-version":[{"id":3025,"href":"https:\/\/innochain.lu\/en\/wp-json\/wp\/v2\/pages\/3022\/revisions\/3025"}],"wp:attachment":[{"href":"https:\/\/innochain.lu\/en\/wp-json\/wp\/v2\/media?parent=3022"}],"curies":[{"name":"wp","href":"https:\/\/api.w.org\/{rel}","templated":true}]}}